{"id":10,"date":"2025-12-25T18:10:58","date_gmt":"2025-12-25T18:10:58","guid":{"rendered":"https:\/\/artecretino.com\/?page_id=10"},"modified":"2026-01-01T20:00:14","modified_gmt":"2026-01-01T20:00:14","slug":"contact-2","status":"publish","type":"page","link":"https:\/\/artecretino.com\/index.php\/contact-2\/","title":{"rendered":"Contacto"},"content":{"rendered":"\n<div style=\"height:156px\" aria-hidden=\"true\" class=\"wp-block-spacer\"><\/div>\n\n\n\n<div class=\"wp-block-group has-global-padding is-layout-constrained wp-block-group-is-layout-constrained\">\n<div class=\"wp-block-columns are-vertically-aligned-top is-layout-flex wp-container-core-columns-is-layout-d7d455e7 wp-block-columns-is-layout-flex\" style=\"padding-top:0;padding-right:0;padding-bottom:0;padding-left:0\">\n<div class=\"wp-block-column is-vertically-aligned-top is-layout-flow wp-block-column-is-layout-flow\" style=\"padding-right:7%;flex-basis:50%\">\n<p class=\"has-text-color\" style=\"color:#0bb4aa\">Let&#8217;s Connect!<\/p>\n\n\n\n<h2 class=\"wp-block-heading has-large-font-size\">Conecta con Arte Cretino<\/h2>\n\n\n\n<p><strong>Arte Cretino<\/strong> es un colectivo art\u00edstico independiente que crea desde la libertad, la cr\u00edtica y la emoci\u00f3n. Nuestras obras no buscan agradar, sino provocar, dialogar y dejar huella.<\/p>\n\n\n\n<p>Si eres <strong>galer\u00eda, espacio cultural o comisario<\/strong> y te interesa exponer nuestra obra, o si eres <strong>artista<\/strong> y tu trabajo conecta con lo crudo, lo po\u00e9tico y lo experimental, escr\u00edbenos. Buscamos nuevas miradas para seguir creciendo como colectivo.<br><\/p>\n<\/div>\n\n\n\n<div class=\"wp-block-column is-vertically-aligned-top is-layout-flow wp-block-column-is-layout-flow\" style=\"flex-basis:50%\">\n<div class=\"wp-block-contact-form-7-contact-form-selector\">\n<div class=\"wpcf7 no-js\" id=\"wpcf7-f133-o1\" lang=\"en-US\" dir=\"ltr\" data-wpcf7-id=\"133\">\n<div class=\"screen-reader-response\"><p role=\"status\" aria-live=\"polite\" aria-atomic=\"true\"><\/p> <ul><\/ul><\/div>\n<form action=\"\/index.php\/wp-json\/wp\/v2\/pages\/10#wpcf7-f133-o1\" method=\"post\" class=\"wpcf7-form init\" aria-label=\"Contact form\" novalidate=\"novalidate\" data-status=\"init\">\n<fieldset class=\"hidden-fields-container\"><input type=\"hidden\" name=\"_wpcf7\" value=\"133\" \/><input type=\"hidden\" name=\"_wpcf7_version\" value=\"6.1.5\" \/><input type=\"hidden\" name=\"_wpcf7_locale\" value=\"en_US\" \/><input type=\"hidden\" name=\"_wpcf7_unit_tag\" value=\"wpcf7-f133-o1\" \/><input type=\"hidden\" name=\"_wpcf7_container_post\" value=\"0\" \/><input type=\"hidden\" name=\"_wpcf7_posted_data_hash\" value=\"\" \/>\n<\/fieldset>\n<p><label> Nombre<br \/>\n<span class=\"wpcf7-form-control-wrap\" data-name=\"your-name\"><input size=\"40\" maxlength=\"400\" class=\"wpcf7-form-control wpcf7-text wpcf7-validates-as-required\" autocomplete=\"name\" aria-required=\"true\" aria-invalid=\"false\" value=\"\" type=\"text\" name=\"your-name\" \/><\/span> <\/label>\n<\/p>\n<p><label> Your email<br \/>\n<span class=\"wpcf7-form-control-wrap\" data-name=\"your-email\"><input size=\"40\" maxlength=\"400\" class=\"wpcf7-form-control wpcf7-email wpcf7-validates-as-required wpcf7-text wpcf7-validates-as-email\" autocomplete=\"email\" aria-required=\"true\" aria-invalid=\"false\" value=\"\" type=\"email\" name=\"your-email\" \/><\/span> <\/label>\n<\/p>\n<p><label> Asunto<br \/>\n<span class=\"wpcf7-form-control-wrap\" data-name=\"your-subject\"><input size=\"40\" maxlength=\"400\" class=\"wpcf7-form-control wpcf7-text wpcf7-validates-as-required\" aria-required=\"true\" aria-invalid=\"false\" value=\"\" type=\"text\" name=\"your-subject\" \/><\/span> <\/label>\n<\/p>\n<p><label> Mensaje (optional)<br \/>\n<span class=\"wpcf7-form-control-wrap\" data-name=\"your-message\"><textarea cols=\"40\" rows=\"10\" maxlength=\"2000\" class=\"wpcf7-form-control wpcf7-textarea\" aria-invalid=\"false\" name=\"your-message\"><\/textarea><\/span> <\/label>\n<\/p>\n<p><input class=\"wpcf7-form-control wpcf7-submit has-spinner\" type=\"submit\" value=\"Enviar\" \/>\n<\/p><div class=\"wpcf7-response-output\" aria-hidden=\"true\"><\/div>\n<\/form>\n<\/div>\n<\/div>\n<\/div>\n<\/div>\n<\/div>\n\n\n\n<div class=\"wp-block-group alignfull has-global-padding is-layout-constrained wp-container-core-group-is-layout-19e250f3 wp-block-group-is-layout-constrained\">\n<div class=\"wp-block-columns alignfull are-vertically-aligned-center has-light-background-background-color has-background is-layout-flex wp-container-core-columns-is-layout-dd282781 wp-block-columns-is-layout-flex\" style=\"padding-top:0;padding-right:0;padding-bottom:0;padding-left:0\">\n<div class=\"wp-block-column is-vertically-aligned-center map-grayscale is-layout-flow wp-block-column-is-layout-flow\" style=\"flex-basis:50%\">\n<figure class=\"wp-block-image size-large\"><img decoding=\"async\" src=\"https:\/\/artecretino.com\/wp-content\/themes\/inspiro\/assets\/images\/map2.png\" alt=\"\" class=\"wp-image-7500\"\/><\/figure>\n<\/div>\n\n\n\n<div class=\"wp-block-column is-vertically-aligned-center is-layout-flow wp-block-column-is-layout-flow\" style=\"padding-top:var(--wp--preset--spacing--small);padding-right:var(--wp--preset--spacing--small);padding-bottom:var(--wp--preset--spacing--small);padding-left:2%;flex-basis:50%\">\n<h3 class=\"wp-block-heading has-large-font-size\">Arte Cretino<\/h3>\n\n\n\n<p><\/p>\n\n\n\n<h3 class=\"wp-block-heading\"><strong>Address<\/strong><\/h3>\n\n\n\n<p><strong>Pla\u00e7a de Catalunya, 22, 08002 Barcelona<\/strong>, Spain<\/p>\n\n\n\n<h3 class=\"wp-block-heading\"><strong>Email<\/strong><\/h3>\n\n\n\n<p>info@artecretino.com<\/p>\n\n\n\n<h3 class=\"wp-block-heading\"><strong>Phone<\/strong><\/h3>\n\n\n\n<p><strong>+<\/strong>34 644249064 (Spain)<br><strong>+<\/strong>44 7503 216495 (UK) <br><strong>+<\/strong>54 9 3402 52-8376 (Argentina)<\/p>\n<\/div>\n<\/div>\n<\/div>\n\n\n\n<div class=\"wp-block-group is-layout-flow wp-block-group-is-layout-flow\">\n<div class=\"wp-block-group is-layout-flow wp-block-group-is-layout-flow\">\n<div style=\"height:69px\" aria-hidden=\"true\" class=\"wp-block-spacer\"><\/div>\n\n\n\n<div class=\"wp-block-columns is-layout-flex wp-container-core-columns-is-layout-28f84493 wp-block-columns-is-layout-flex\">\n<div class=\"wp-block-column is-layout-flow wp-block-column-is-layout-flow\">\n<p class=\"has-text-align-left has-text-color\" style=\"color:#0bb4aa\">WHERE ARE WE LOCATED<\/p>\n\n\n\n<h2 class=\"wp-block-heading has-text-align-left has-large-font-size\">Our Locations<\/h2>\n\n\n\n<div class=\"wp-block-columns is-layout-flex wp-container-core-columns-is-layout-28f84493 wp-block-columns-is-layout-flex\">\n<div class=\"wp-block-column is-layout-flow wp-block-column-is-layout-flow\">\n<p style=\"line-height:2.5\">Lleida  (Spain)<br>Zaragoza  (Spain)<br>Buenos Aires (Argentina)<br>Cordoba (Argentina)<br>Varna (Bulgaria)<\/p>\n<\/div>\n\n\n\n<div class=\"wp-block-column is-layout-flow wp-block-column-is-layout-flow\">\n<p style=\"line-height:2.5\">Manchester (UK)<br>London (UK)<br>La Adrada (Spain)<br>Barcelona (Spain)<br>Tarrega (Spain)<\/p>\n<\/div>\n<\/div>\n<\/div>\n\n\n\n<div class=\"wp-block-column is-layout-flow wp-block-column-is-layout-flow\">\n<figure class=\"wp-block-image size-large\"><img decoding=\"async\" src=\"https:\/\/artecretino.com\/wp-content\/themes\/inspiro\/assets\/images\/map.png\" alt=\"\" class=\"wp-image-5640\"\/><\/figure>\n<\/div>\n<\/div>\n\n\n\n<div style=\"height:52px\" aria-hidden=\"true\" class=\"wp-block-spacer\"><\/div>\n<\/div>\n<\/div>\n\n\n\n<div class=\"wp-block-group has-global-padding is-layout-constrained wp-block-group-is-layout-constrained\">\n<div style=\"height:33px\" aria-hidden=\"true\" class=\"wp-block-spacer\"><\/div>\n\n\n\n<div class=\"wp-block-columns are-vertically-aligned-center is-layout-flex wp-container-core-columns-is-layout-4ed999c3 wp-block-columns-is-layout-flex\" style=\"padding-top:var(--wp--preset--spacing--60);padding-bottom:var(--wp--preset--spacing--60);padding-left:0\">\n<div class=\"wp-block-column is-vertically-aligned-center has-global-padding is-content-justification-left is-layout-constrained wp-container-core-column-is-layout-12dd3699 wp-block-column-is-layout-constrained\" style=\"flex-basis:66.66%\">\n<h2 class=\"wp-block-heading\">Arte Cretino abre sus puertas a nuevas voces&#8230;<\/h2>\n\n\n\n<p><br>Si sientes que el arte no debe pedir permiso, que la creaci\u00f3n nace del instinto, la cr\u00edtica y la libertad, este es tu lugar. Buscamos artistas que trabajen desde lo crudo, lo po\u00e9tico, lo inc\u00f3modo o lo bello sin filtros, personas que quieran formar parte de un colectivo vivo, diverso y en constante transformaci\u00f3n. En Arte Cretino no buscamos estilos, buscamos miradas. Si tu obra tiene algo que decir y t\u00fa tienes ganas de decirlo en compa\u00f1\u00eda, te estamos esperando.<\/p>\n<\/div>\n\n\n\n<div class=\"wp-block-column is-vertically-aligned-center is-layout-flow wp-block-column-is-layout-flow\" style=\"flex-basis:33.33%\">\n<div class=\"wp-block-buttons is-content-justification-right is-layout-flex wp-container-core-buttons-is-layout-d445cf74 wp-block-buttons-is-layout-flex\">\n<div class=\"wp-block-button is-style-fill\"><a class=\"wp-block-button__link has-custom-font-size wp-element-button\" style=\"border-radius:0px;font-size:14px;font-style:normal;font-weight:600;letter-spacing:1px;text-transform:uppercase\">Tell US<\/a><\/div>\n<\/div>\n<\/div>\n<\/div>\n\n\n\n<div style=\"height:45px\" aria-hidden=\"true\" class=\"wp-block-spacer\"><\/div>\n<\/div>\n","protected":false},"excerpt":{"rendered":"<p>Let&#8217;s Connect! Conecta con Arte Cretino Arte Cretino es un colectivo art\u00edstico independiente que crea desde la libertad, la cr\u00edtica y la emoci\u00f3n. Nuestras obras no buscan agradar, sino provocar, dialogar y dejar huella. Si eres galer\u00eda, espacio cultural o comisario y te interesa exponer nuestra obra, o si eres artista y tu trabajo conecta &hellip; <\/p>\n<p class=\"link-more\"><a href=\"https:\/\/artecretino.com\/index.php\/contact-2\/\" class=\"more-link\">Leer m\u00e1s<span class=\"screen-reader-text\"> \u00abContacto\u00bb<\/span><\/a><\/p>\n","protected":false},"author":1,"featured_media":7,"parent":0,"menu_order":0,"comment_status":"closed","ping_status":"closed","template":"","meta":{"footnotes":""},"class_list":["post-10","page","type-page","status-publish","has-post-thumbnail","hentry"],"yoast_head":"<!-- This site is optimized with the Yoast SEO plugin v26.9 - https:\/\/yoast.com\/product\/yoast-seo-wordpress\/ -->\n<title>Contacto - Arte Cretino<\/title>\n<meta name=\"robots\" content=\"index, follow, max-snippet:-1, max-image-preview:large, max-video-preview:-1\" \/>\n<link rel=\"canonical\" href=\"https:\/\/artecretino.com\/index.php\/contact-2\/\" \/>\n<meta property=\"og:locale\" content=\"es_ES\" \/>\n<meta property=\"og:type\" content=\"article\" \/>\n<meta property=\"og:title\" content=\"Contacto - Arte Cretino\" \/>\n<meta property=\"og:description\" content=\"Let&#8217;s Connect! Conecta con Arte Cretino Arte Cretino es un colectivo art\u00edstico independiente que crea desde la libertad, la cr\u00edtica y la emoci\u00f3n. Nuestras obras no buscan agradar, sino provocar, dialogar y dejar huella. Si eres galer\u00eda, espacio cultural o comisario y te interesa exponer nuestra obra, o si eres artista y tu trabajo conecta &hellip; Leer m\u00e1s \u00abContacto\u00bb\" \/>\n<meta property=\"og:url\" content=\"https:\/\/artecretino.com\/index.php\/contact-2\/\" \/>\n<meta property=\"og:site_name\" content=\"Arte Cretino\" \/>\n<meta property=\"article:modified_time\" content=\"2026-01-01T20:00:14+00:00\" \/>\n<meta property=\"og:image\" content=\"https:\/\/artecretino.com\/wp-content\/uploads\/2025\/12\/StockSnap_6O7JXC5DC5.jpg\" \/>\n\t<meta property=\"og:image:width\" content=\"2200\" \/>\n\t<meta property=\"og:image:height\" content=\"1468\" \/>\n\t<meta property=\"og:image:type\" content=\"image\/jpeg\" \/>\n<meta name=\"twitter:card\" content=\"summary_large_image\" \/>\n<meta name=\"twitter:label1\" content=\"Tiempo de lectura\" \/>\n\t<meta name=\"twitter:data1\" content=\"1 minuto\" \/>\n<script type=\"application\/ld+json\" class=\"yoast-schema-graph\">{\"@context\":\"https:\/\/schema.org\",\"@graph\":[{\"@type\":\"WebPage\",\"@id\":\"https:\/\/artecretino.com\/index.php\/contact-2\/\",\"url\":\"https:\/\/artecretino.com\/index.php\/contact-2\/\",\"name\":\"Contacto - Arte Cretino\",\"isPartOf\":{\"@id\":\"https:\/\/artecretino.com\/#website\"},\"primaryImageOfPage\":{\"@id\":\"https:\/\/artecretino.com\/index.php\/contact-2\/#primaryimage\"},\"image\":{\"@id\":\"https:\/\/artecretino.com\/index.php\/contact-2\/#primaryimage\"},\"thumbnailUrl\":\"https:\/\/artecretino.com\/wp-content\/uploads\/2025\/12\/StockSnap_6O7JXC5DC5.jpg\",\"datePublished\":\"2025-12-25T18:10:58+00:00\",\"dateModified\":\"2026-01-01T20:00:14+00:00\",\"breadcrumb\":{\"@id\":\"https:\/\/artecretino.com\/index.php\/contact-2\/#breadcrumb\"},\"inLanguage\":\"es\",\"potentialAction\":[{\"@type\":\"ReadAction\",\"target\":[\"https:\/\/artecretino.com\/index.php\/contact-2\/\"]}]},{\"@type\":\"ImageObject\",\"inLanguage\":\"es\",\"@id\":\"https:\/\/artecretino.com\/index.php\/contact-2\/#primaryimage\",\"url\":\"https:\/\/artecretino.com\/wp-content\/uploads\/2025\/12\/StockSnap_6O7JXC5DC5.jpg\",\"contentUrl\":\"https:\/\/artecretino.com\/wp-content\/uploads\/2025\/12\/StockSnap_6O7JXC5DC5.jpg\",\"width\":2200,\"height\":1468},{\"@type\":\"BreadcrumbList\",\"@id\":\"https:\/\/artecretino.com\/index.php\/contact-2\/#breadcrumb\",\"itemListElement\":[{\"@type\":\"ListItem\",\"position\":1,\"name\":\"Home\",\"item\":\"https:\/\/artecretino.com\/\"},{\"@type\":\"ListItem\",\"position\":2,\"name\":\"Contacto\"}]},{\"@type\":\"WebSite\",\"@id\":\"https:\/\/artecretino.com\/#website\",\"url\":\"https:\/\/artecretino.com\/\",\"name\":\"Arte Cretino\",\"description\":\"\",\"publisher\":{\"@id\":\"https:\/\/artecretino.com\/#organization\"},\"potentialAction\":[{\"@type\":\"SearchAction\",\"target\":{\"@type\":\"EntryPoint\",\"urlTemplate\":\"https:\/\/artecretino.com\/?s={search_term_string}\"},\"query-input\":{\"@type\":\"PropertyValueSpecification\",\"valueRequired\":true,\"valueName\":\"search_term_string\"}}],\"inLanguage\":\"es\"},{\"@type\":\"Organization\",\"@id\":\"https:\/\/artecretino.com\/#organization\",\"name\":\"Arte Cretino\",\"url\":\"https:\/\/artecretino.com\/\",\"logo\":{\"@type\":\"ImageObject\",\"inLanguage\":\"es\",\"@id\":\"https:\/\/artecretino.com\/#\/schema\/logo\/image\/\",\"url\":\"https:\/\/artecretino.com\/wp-content\/uploads\/2026\/01\/cropped-logo-arte-cretino-04.png\",\"contentUrl\":\"https:\/\/artecretino.com\/wp-content\/uploads\/2026\/01\/cropped-logo-arte-cretino-04.png\",\"width\":945,\"height\":724,\"caption\":\"Arte Cretino\"},\"image\":{\"@id\":\"https:\/\/artecretino.com\/#\/schema\/logo\/image\/\"}}]}<\/script>\n<!-- \/ Yoast SEO plugin. -->","yoast_head_json":{"title":"Contacto - Arte Cretino","robots":{"index":"index","follow":"follow","max-snippet":"max-snippet:-1","max-image-preview":"max-image-preview:large","max-video-preview":"max-video-preview:-1"},"canonical":"https:\/\/artecretino.com\/index.php\/contact-2\/","og_locale":"es_ES","og_type":"article","og_title":"Contacto - Arte Cretino","og_description":"Let&#8217;s Connect! Conecta con Arte Cretino Arte Cretino es un colectivo art\u00edstico independiente que crea desde la libertad, la cr\u00edtica y la emoci\u00f3n. Nuestras obras no buscan agradar, sino provocar, dialogar y dejar huella. Si eres galer\u00eda, espacio cultural o comisario y te interesa exponer nuestra obra, o si eres artista y tu trabajo conecta &hellip; Leer m\u00e1s \u00abContacto\u00bb","og_url":"https:\/\/artecretino.com\/index.php\/contact-2\/","og_site_name":"Arte Cretino","article_modified_time":"2026-01-01T20:00:14+00:00","og_image":[{"width":2200,"height":1468,"url":"https:\/\/artecretino.com\/wp-content\/uploads\/2025\/12\/StockSnap_6O7JXC5DC5.jpg","type":"image\/jpeg"}],"twitter_card":"summary_large_image","twitter_misc":{"Tiempo de lectura":"1 minuto"},"schema":{"@context":"https:\/\/schema.org","@graph":[{"@type":"WebPage","@id":"https:\/\/artecretino.com\/index.php\/contact-2\/","url":"https:\/\/artecretino.com\/index.php\/contact-2\/","name":"Contacto - Arte Cretino","isPartOf":{"@id":"https:\/\/artecretino.com\/#website"},"primaryImageOfPage":{"@id":"https:\/\/artecretino.com\/index.php\/contact-2\/#primaryimage"},"image":{"@id":"https:\/\/artecretino.com\/index.php\/contact-2\/#primaryimage"},"thumbnailUrl":"https:\/\/artecretino.com\/wp-content\/uploads\/2025\/12\/StockSnap_6O7JXC5DC5.jpg","datePublished":"2025-12-25T18:10:58+00:00","dateModified":"2026-01-01T20:00:14+00:00","breadcrumb":{"@id":"https:\/\/artecretino.com\/index.php\/contact-2\/#breadcrumb"},"inLanguage":"es","potentialAction":[{"@type":"ReadAction","target":["https:\/\/artecretino.com\/index.php\/contact-2\/"]}]},{"@type":"ImageObject","inLanguage":"es","@id":"https:\/\/artecretino.com\/index.php\/contact-2\/#primaryimage","url":"https:\/\/artecretino.com\/wp-content\/uploads\/2025\/12\/StockSnap_6O7JXC5DC5.jpg","contentUrl":"https:\/\/artecretino.com\/wp-content\/uploads\/2025\/12\/StockSnap_6O7JXC5DC5.jpg","width":2200,"height":1468},{"@type":"BreadcrumbList","@id":"https:\/\/artecretino.com\/index.php\/contact-2\/#breadcrumb","itemListElement":[{"@type":"ListItem","position":1,"name":"Home","item":"https:\/\/artecretino.com\/"},{"@type":"ListItem","position":2,"name":"Contacto"}]},{"@type":"WebSite","@id":"https:\/\/artecretino.com\/#website","url":"https:\/\/artecretino.com\/","name":"Arte Cretino","description":"","publisher":{"@id":"https:\/\/artecretino.com\/#organization"},"potentialAction":[{"@type":"SearchAction","target":{"@type":"EntryPoint","urlTemplate":"https:\/\/artecretino.com\/?s={search_term_string}"},"query-input":{"@type":"PropertyValueSpecification","valueRequired":true,"valueName":"search_term_string"}}],"inLanguage":"es"},{"@type":"Organization","@id":"https:\/\/artecretino.com\/#organization","name":"Arte Cretino","url":"https:\/\/artecretino.com\/","logo":{"@type":"ImageObject","inLanguage":"es","@id":"https:\/\/artecretino.com\/#\/schema\/logo\/image\/","url":"https:\/\/artecretino.com\/wp-content\/uploads\/2026\/01\/cropped-logo-arte-cretino-04.png","contentUrl":"https:\/\/artecretino.com\/wp-content\/uploads\/2026\/01\/cropped-logo-arte-cretino-04.png","width":945,"height":724,"caption":"Arte Cretino"},"image":{"@id":"https:\/\/artecretino.com\/#\/schema\/logo\/image\/"}}]}},"_links":{"self":[{"href":"https:\/\/artecretino.com\/index.php\/wp-json\/wp\/v2\/pages\/10","targetHints":{"allow":["GET"]}}],"collection":[{"href":"https:\/\/artecretino.com\/index.php\/wp-json\/wp\/v2\/pages"}],"about":[{"href":"https:\/\/artecretino.com\/index.php\/wp-json\/wp\/v2\/types\/page"}],"author":[{"embeddable":true,"href":"https:\/\/artecretino.com\/index.php\/wp-json\/wp\/v2\/users\/1"}],"replies":[{"embeddable":true,"href":"https:\/\/artecretino.com\/index.php\/wp-json\/wp\/v2\/comments?post=10"}],"version-history":[{"count":8,"href":"https:\/\/artecretino.com\/index.php\/wp-json\/wp\/v2\/pages\/10\/revisions"}],"predecessor-version":[{"id":338,"href":"https:\/\/artecretino.com\/index.php\/wp-json\/wp\/v2\/pages\/10\/revisions\/338"}],"wp:featuredmedia":[{"embeddable":true,"href":"https:\/\/artecretino.com\/index.php\/wp-json\/wp\/v2\/media\/7"}],"wp:attachment":[{"href":"https:\/\/artecretino.com\/index.php\/wp-json\/wp\/v2\/media?parent=10"}],"curies":[{"name":"wp","href":"https:\/\/api.w.org\/{rel}","templated":true}]}}